{"id":179,"date":"2017-03-03T18:29:37","date_gmt":"2017-03-03T16:29:37","guid":{"rendered":"http:\/\/www.artbluevillas.com\/?page_id=179"},"modified":"2017-03-07T09:52:57","modified_gmt":"2017-03-07T07:52:57","slug":"destination-lefkada","status":"publish","type":"page","link":"https:\/\/www.artbluevillas.com\/de\/destination-lefkada\/","title":{"rendered":"Lefkada"},"content":{"rendered":"<p><\/p>\n<h2>Die Art Blue Villas auf der Insel Lefkada<\/h2>\n<p>Lefkada\u2026 eine Insel im Ionischen Meer\u2026 Liebe auf den ersten Blick!<\/p>\n<p>Wilde Sch\u00f6nheit, einmalig wei\u00dfe Str\u00e4nde, kristallblaues Wasser, malerische D\u00f6rfer an gr\u00fcnen H\u00e4ngen, beeindruckende Sonnenunterg\u00e4nge.<\/p>\n<p>Der einfache, direkte Zugang ist der Hauptvorteil dieser Insel, die \u00fcber eine Br\u00fccke mit dem griechischen Festland verbunden ist.<\/p>\n<p>Die<strong> ART BLUE <\/strong>Villas befinden sich an einem der unber\u00fchrtesten H\u00e4nge der Insel, gerade 700 m vom Dorf Tsoukalades entfernt. Der ideale Ort f\u00fcr ruhige, entspannende Ferien in der Natur. Dazu liegen die Villen in unmittelbarer N\u00e4he von Superm\u00e4rkten, traditionellen Kaffees und Tavernen.<\/p>\n<p>Dieser idyllische Standort schenkt Ihnen eine un\u00fcbertroffene Aussicht auf das tiefe Blau des Ionischen Meeres. Die kosmopolitische Stadt Lefkada ist mit dem Auto auch nur 10 Minuten nach Norden entfernt.<\/p>\n<p>Im S\u00fcden erwarten die sch\u00f6nsten Str\u00e4nde der Insel, Kathisma und Pefkoulia, und das Fischerdorf Agios Nikitas Ihren Besuch.<\/p>","protected":false},"excerpt":{"rendered":"<p>Die Art Blue Villas auf der Insel Lefkada Lefkada\u2026 eine Insel im Ionischen Meer\u2026 Liebe auf den ersten Blick! Wilde Sch\u00f6nheit, einmalig wei\u00dfe Str\u00e4nde, kristallblaues Wasser, malerische D\u00f6rfer an gr\u00fcnen H\u00e4ngen, beeindruckende Sonnenunterg\u00e4nge. Der einfache, direkte Zugang ist der Hauptvorteil dieser Insel, die \u00fcber eine Br\u00fccke mit dem griechischen Festland verbunden ist. Die ART BLUE [&hellip;]<\/p>\n","protected":false},"author":1,"featured_media":203,"parent":0,"menu_order":0,"comment_status":"closed","ping_status":"closed","template":"","meta":{"ngg_post_thumbnail":0,"footnotes":""},"class_list":["post-179","page","type-page","status-publish","has-post-thumbnail","hentry"],"aioseo_notices":[],"_links":{"self":[{"href":"https:\/\/www.artbluevillas.com\/de\/wp-json\/wp\/v2\/pages\/179","targetHints":{"allow":["GET"]}}],"collection":[{"href":"https:\/\/www.artbluevillas.com\/de\/wp-json\/wp\/v2\/pages"}],"about":[{"href":"https:\/\/www.artbluevillas.com\/de\/wp-json\/wp\/v2\/types\/page"}],"author":[{"embeddable":true,"href":"https:\/\/www.artbluevillas.com\/de\/wp-json\/wp\/v2\/users\/1"}],"replies":[{"embeddable":true,"href":"https:\/\/www.artbluevillas.com\/de\/wp-json\/wp\/v2\/comments?post=179"}],"version-history":[{"count":0,"href":"https:\/\/www.artbluevillas.com\/de\/wp-json\/wp\/v2\/pages\/179\/revisions"}],"wp:featuredmedia":[{"embeddable":true,"href":"https:\/\/www.artbluevillas.com\/de\/wp-json\/wp\/v2\/media\/203"}],"wp:attachment":[{"href":"https:\/\/www.artbluevillas.com\/de\/wp-json\/wp\/v2\/media?parent=179"}],"curies":[{"name":"wp","href":"https:\/\/api.w.org\/{rel}","templated":true}]}}