{"id":51,"date":"2017-03-01T16:50:59","date_gmt":"2017-03-01T14:50:59","guid":{"rendered":"http:\/\/www.artbluevillas.com\/?p=51"},"modified":"2017-03-21T15:11:00","modified_gmt":"2017-03-21T13:11:00","slug":"lefkada-beaches","status":"publish","type":"page","link":"https:\/\/www.artbluevillas.com\/de\/lefkada-beaches\/","title":{"rendered":"Die strande von Lefkada"},"content":{"rendered":"<p><\/p>\n<h2>Die strande von Lefkada<\/h2>\n<p><strong>&nbsp;Die wundersch\u00f6nen Sand- <\/strong>und Kieselsteine von Lefkada mit ihrem kristallklaren Wasser erstrecken sich \u00fcber die ganze Westk\u00fcste der Insel.<\/p>\n<p>Der Strand Pefkoulia, wo Ihnen die Kiefern bis hinunter ans Wasser Schatten spenden, ist ungef\u00e4hr 4 km von den Villen entfernt.<\/p>\n<p>Der kosmopolitische Strand Kathisma, der ideale Ort f\u00fcr neue Bekanntschaften und Urlaubsspa\u00df ist nur 10 Autominuten entfernt.<\/p>\n<p>Wenn Sie sich Ruhe w\u00fcnschen, sind die abgelegenen Str\u00e4nde Kalamitsi und Milos in der N\u00e4he von Agios Nikitas, ein einmaliges exotisches Naturparadies, das richtige f\u00fcr Sie.<\/p>\n<p>In 30 Autominuten an der Westk\u00fcste entlang erreichen Sie zwei der besten Str\u00e4nde des Mittelmeers: Egremni und Porto Katsiki.<\/p>","protected":false},"excerpt":{"rendered":"<p>Die wundersch\u00f6nen Sand- und Kieselsteine von Lefkada mit ihrem kristallklaren Wasser &#8230;<\/p>\n","protected":false},"author":1,"featured_media":197,"parent":0,"menu_order":0,"comment_status":"closed","ping_status":"closed","template":"","meta":{"ngg_post_thumbnail":0,"footnotes":""},"class_list":["post-51","page","type-page","status-publish","has-post-thumbnail","hentry"],"aioseo_notices":[],"_links":{"self":[{"href":"https:\/\/www.artbluevillas.com\/de\/wp-json\/wp\/v2\/pages\/51","targetHints":{"allow":["GET"]}}],"collection":[{"href":"https:\/\/www.artbluevillas.com\/de\/wp-json\/wp\/v2\/pages"}],"about":[{"href":"https:\/\/www.artbluevillas.com\/de\/wp-json\/wp\/v2\/types\/page"}],"author":[{"embeddable":true,"href":"https:\/\/www.artbluevillas.com\/de\/wp-json\/wp\/v2\/users\/1"}],"replies":[{"embeddable":true,"href":"https:\/\/www.artbluevillas.com\/de\/wp-json\/wp\/v2\/comments?post=51"}],"version-history":[{"count":0,"href":"https:\/\/www.artbluevillas.com\/de\/wp-json\/wp\/v2\/pages\/51\/revisions"}],"wp:featuredmedia":[{"embeddable":true,"href":"https:\/\/www.artbluevillas.com\/de\/wp-json\/wp\/v2\/media\/197"}],"wp:attachment":[{"href":"https:\/\/www.artbluevillas.com\/de\/wp-json\/wp\/v2\/media?parent=51"}],"curies":[{"name":"wp","href":"https:\/\/api.w.org\/{rel}","templated":true}]}}