{"id":1096,"date":"2021-04-07T16:04:43","date_gmt":"2021-04-07T13:04:43","guid":{"rendered":"https:\/\/www.artbluevillas.com\/?page_id=1096"},"modified":"2021-04-07T16:04:43","modified_gmt":"2021-04-07T13:04:43","slug":"cookies-policy","status":"publish","type":"page","link":"https:\/\/www.artbluevillas.com\/fr\/cookies-policy\/","title":{"rendered":"Politique de cookies"},"content":{"rendered":"<p>Le site web utilise des technologies en ligne appel\u00e9es \u00ab\u00a0cookies\u00a0\u00bb. En g\u00e9n\u00e9rale, les \u00ab\u00a0cookies\u00a0\u00bb sont des fichiers texte qui sont plac\u00e9s dans le navigateur de votre appareil, puis stock\u00e9s sur celui-ci, et qui peuvent \u00eatre utilis\u00e9s pour aider \u00e0 reconna\u00eetre ce navigateur sur diff\u00e9rentes pages web, sites web et sessions de navigation.<\/p>\n<h2>Types de cookies<\/h2>\n<h3>Cookies n\u00e9cessaires<\/h3>\n<p>Les cookies n\u00e9cessaires sont utilis\u00e9s pour permettre des fonctions de base comme la navigation et l&rsquo;acc\u00e8s \u00e0 des zones s\u00e9curis\u00e9es du site Web. Le site Web ne peut pas fonctionner correctement sans ces cookies.<\/p>\n<h3>Publicit\u00e9<\/h3>\n<p>Les cookies publicitaires sont utilis\u00e9s pour fournir aux visiteurs des campagnes de publicit\u00e9 et de marketing pertinentes. Ces cookies suivent les visiteurs des sites web et recueillent des informations pour fournir des publicit\u00e9s personnalis\u00e9es.<\/p>\n<h3>Performance<\/h3>\n<p>Les cookies de performance sont utilis\u00e9s pour comprendre et analyser les indicateurs de performance cl\u00e9s du site web et contribuent \u00e0 offrir une meilleure exp\u00e9rience aux visiteurs.<\/p>\n<h3>Statistiques<\/h3>\n<p>Les cookies statistiques sont utilis\u00e9s pour comprendre comment les visiteurs interagissent avec le site. Ces cookies permettent de fournir des informations sur le nombre de visiteurs, le taux de rebond, les sources de trafic, etc.<\/p>\n<h2>Contr\u00f4ler les cookies<\/h2>\n<p>Vous pouvez g\u00e9rer les cookies en utilisant les commandes de votre navigateur (veuillez-vous r\u00e9f\u00e9rer \u00e0 la section \u00ab\u00a0aide\u00a0\u00bb de votre navigateur pour plus de d\u00e9tails). Pour de plus amples informations sur la mani\u00e8re de supprimer et de contr\u00f4ler les cookies, veuillez consulter le site suivant: <a href=\"http:\/\/www.allaboutcookies.org\/manage-cookies\/index.html\" target=\"_blank\" rel=\"noopener noreferrer\">http:\/\/www.allaboutcookies.org\/manage-cookies\/index.html<\/a>.<\/p>\n<p>Malgr\u00e9 que les cookies puissent \u00eatre d\u00e9sactiv\u00e9s ou supprim\u00e9s, vous reconnaissez par les pr\u00e9sentes que tout ou partie du site web peut ne pas \u00eatre accessible si vous refusez les cookies qui sont strictement n\u00e9cessaires \u00e0 la fourniture du site web.<\/p>","protected":false},"excerpt":{"rendered":"<p>Le site web utilise des technologies en ligne appel\u00e9es \u00ab\u00a0cookies\u00a0\u00bb. En g\u00e9n\u00e9rale, les \u00ab\u00a0cookies\u00a0\u00bb sont des fichiers texte qui sont plac\u00e9s dans le navigateur de votre appareil, puis stock\u00e9s sur celui-ci, et qui peuvent \u00eatre utilis\u00e9s pour aider \u00e0 reconna\u00eetre ce navigateur sur diff\u00e9rentes pages web, sites web et sessions de navigation. Types de cookies [&hellip;]<\/p>\n","protected":false},"author":1,"featured_media":129,"parent":0,"menu_order":0,"comment_status":"closed","ping_status":"closed","template":"page-full.php","meta":{"ngg_post_thumbnail":0,"footnotes":""},"class_list":["post-1096","page","type-page","status-publish","has-post-thumbnail","hentry"],"aioseo_notices":[],"_links":{"self":[{"href":"https:\/\/www.artbluevillas.com\/fr\/wp-json\/wp\/v2\/pages\/1096","targetHints":{"allow":["GET"]}}],"collection":[{"href":"https:\/\/www.artbluevillas.com\/fr\/wp-json\/wp\/v2\/pages"}],"about":[{"href":"https:\/\/www.artbluevillas.com\/fr\/wp-json\/wp\/v2\/types\/page"}],"author":[{"embeddable":true,"href":"https:\/\/www.artbluevillas.com\/fr\/wp-json\/wp\/v2\/users\/1"}],"replies":[{"embeddable":true,"href":"https:\/\/www.artbluevillas.com\/fr\/wp-json\/wp\/v2\/comments?post=1096"}],"version-history":[{"count":0,"href":"https:\/\/www.artbluevillas.com\/fr\/wp-json\/wp\/v2\/pages\/1096\/revisions"}],"wp:featuredmedia":[{"embeddable":true,"href":"https:\/\/www.artbluevillas.com\/fr\/wp-json\/wp\/v2\/media\/129"}],"wp:attachment":[{"href":"https:\/\/www.artbluevillas.com\/fr\/wp-json\/wp\/v2\/media?parent=1096"}],"curies":[{"name":"wp","href":"https:\/\/api.w.org\/{rel}","templated":true}]}}