{"id":179,"date":"2017-03-03T18:29:37","date_gmt":"2017-03-03T16:29:37","guid":{"rendered":"http:\/\/www.artbluevillas.com\/?page_id=179"},"modified":"2017-03-07T09:52:57","modified_gmt":"2017-03-07T07:52:57","slug":"destination-lefkada","status":"publish","type":"page","link":"https:\/\/www.artbluevillas.com\/fr\/destination-lefkada\/","title":{"rendered":"Leucade"},"content":{"rendered":"<p><\/p>\n<h2>Villas Art Blue sur l\u2019\u00eele de Leucade<\/h2>\n<p>Leucade\u2026&nbsp; \u00eele de la mer Ionienne\u2026 et v\u00e9ritable coup de foudre !<\/p>\n<p>Beaut\u00e9 sauvage, plages uniques de sable blanc, eaux bleues cristallines, villages pittoresques juch\u00e9s sur des versants de collines verdoyants et couchers de soleil impressionnants.<\/p>\n<p>Un acc\u00e8s facile et direct est le principal avantage de l\u2019\u00eele, car un pont la relie \u00e0 la Gr\u00e8ce.<\/p>\n<p>Les villas<strong> ART BLUE<\/strong> se situent sur l\u2019un des versants de colline les plus vierges de l\u2019\u00eele, \u00e0 700 m\u00e8tres \u00e0 peine du village de Tsoukalades. Id\u00e9ales pour des vacances calmes et relaxantes en pleine nature, ces villas se trouvent \u00e9galement \u00e0 proximit\u00e9 de nombreux services : supermarch\u00e9s, caf\u00e9s traditionnels et tavernes sont \u00e0 deux pas.<\/p>\n<p>Cet emplacement idyllique offre \u00e9galement des vues imprenables sur les eaux bleues et profondes de la mer Ionienne. La ville cosmopolite de Lefkada se situe \u00e0 10 minutes en voiture au nord.<\/p>\n<p>En se dirigeant vers le sud, il est possible d\u2019explorer les plus belles plages de l\u2019\u00eele, telles que Kathisma et Pefkoulia, ainsi que le village de p\u00eacheurs de Agios Nikitas.<\/p>","protected":false},"excerpt":{"rendered":"<p>Villas Art Blue sur l\u2019\u00eele de Leucade Leucade\u2026&nbsp; \u00eele de la mer Ionienne\u2026 et v\u00e9ritable coup de foudre ! Beaut\u00e9 sauvage, plages uniques de sable blanc, eaux bleues cristallines, villages pittoresques juch\u00e9s sur des versants de collines verdoyants et couchers de soleil impressionnants. Un acc\u00e8s facile et direct est le principal avantage de l\u2019\u00eele, car [&hellip;]<\/p>\n","protected":false},"author":1,"featured_media":203,"parent":0,"menu_order":0,"comment_status":"closed","ping_status":"closed","template":"","meta":{"ngg_post_thumbnail":0,"footnotes":""},"class_list":["post-179","page","type-page","status-publish","has-post-thumbnail","hentry"],"aioseo_notices":[],"_links":{"self":[{"href":"https:\/\/www.artbluevillas.com\/fr\/wp-json\/wp\/v2\/pages\/179","targetHints":{"allow":["GET"]}}],"collection":[{"href":"https:\/\/www.artbluevillas.com\/fr\/wp-json\/wp\/v2\/pages"}],"about":[{"href":"https:\/\/www.artbluevillas.com\/fr\/wp-json\/wp\/v2\/types\/page"}],"author":[{"embeddable":true,"href":"https:\/\/www.artbluevillas.com\/fr\/wp-json\/wp\/v2\/users\/1"}],"replies":[{"embeddable":true,"href":"https:\/\/www.artbluevillas.com\/fr\/wp-json\/wp\/v2\/comments?post=179"}],"version-history":[{"count":0,"href":"https:\/\/www.artbluevillas.com\/fr\/wp-json\/wp\/v2\/pages\/179\/revisions"}],"wp:featuredmedia":[{"embeddable":true,"href":"https:\/\/www.artbluevillas.com\/fr\/wp-json\/wp\/v2\/media\/203"}],"wp:attachment":[{"href":"https:\/\/www.artbluevillas.com\/fr\/wp-json\/wp\/v2\/media?parent=179"}],"curies":[{"name":"wp","href":"https:\/\/api.w.org\/{rel}","templated":true}]}}