{"id":229,"date":"2017-03-06T12:14:43","date_gmt":"2017-03-06T10:14:43","guid":{"rendered":"http:\/\/www.artbluevillas.com\/?page_id=229"},"modified":"2017-03-29T17:36:42","modified_gmt":"2017-03-29T14:36:42","slug":"lefkada-activities","status":"publish","type":"page","link":"https:\/\/www.artbluevillas.com\/fr\/lefkada-activities\/","title":{"rendered":"Activit\u00e9s Leucade"},"content":{"rendered":"<p><\/p>\n<h2>Votre s\u00e9jour aux villas Art Blue comprend des activit\u00e9s qui rendront vos vacances encore plus agr\u00e9ables et sp\u00e9ciales.<\/h2>\n<p>Profitez de la puret\u00e9 et du charme de la nature en vous plongeant dans les paysages sauvages de l\u2019\u00eele et en faisant de longues balades, tout en admirant le panorama incomparable sur la mer Ionienne.<\/p>\n<p>La distance n\u2019\u00e9tant pas un inconv\u00e9nient, il vous sera ais\u00e9 de parcourir les rues pav\u00e9es des villages de montagne, tels que Karia et Eglouvi, sans oublier les villages de p\u00eacheurs, parmi lesquels figurent Agios Nikitas et Sivota. Vous pourrez y d\u00e9guster des mets locaux raffin\u00e9s, tels que le g\u00e2teau de semoule et le saucisson de la r\u00e9gion, de savoureux m\u00e9z\u00e8s et d\u00e9couvrir les lentilles d\u2019Eglouvi, renomm\u00e9es dans toute l\u2019Europe. Gardez le meilleur pour la fin\u2026 dans ce cas : la soir\u00e9e. Une promenade nocturne dans les rues historiques du vieux quartier de Lefkada vous fera revivre des moments d\u2019une \u00e9poque r\u00e9volue, impr\u00e9gn\u00e9e de romantisme et de contes de f\u00e9es.<\/p>\n<p>Pour ceux qui recherchent l\u2019aventure, l\u2019\u00eele propose d\u2019innombrables activit\u00e9s pour faire le plein d\u2019adr\u00e9naline. Sur la plage Agios Giannis, o\u00f9 le vent est favorable, il est possible de faire du surf et du kitesurf. Tout en faisant du parapente, vous aurez \u00e9galement le loisir d\u2019admirer le bleu profond de la mer en contrebas.<\/p>\n<p>Des activit\u00e9s de randonn\u00e9e, de v\u00e9lo tout terrain et d\u2019\u00e9quitation vous rapprocheront de ce monde naturel unique.<\/p>\n<p>La marine contemporaine de Lefkada et les \u00eelots tout proches sont un paradis pour tous les amateurs de voile et l\u2019endroit id\u00e9al pour les passionn\u00e9s de plong\u00e9e.<\/p>\n<p>Vos vacances ne pourront \u00eatre compl\u00e8tes sans une excursion en bateau jusqu\u2019aux \u00eeles de Skorpios (propri\u00e9t\u00e9 du c\u00e9l\u00e8bre armateur Onassis), Meganissi, Kasto et Kalamos. Ces endroits invitent \u00e0 la d\u00e9tente et se trouvent au c\u0153ur de magnifiques paysages et d\u2019une mer infinie.<\/p>\n<p>Une seule chose est s\u00fbre : au cours de ces vacances, vos journ\u00e9es seront tellement empreintes d\u2019\u00e9merveillement et de cr\u00e9ativit\u00e9 que l\u2019ennui n\u2019y trouvera pas sa place.<\/p>","protected":false},"excerpt":{"rendered":"<p>Votre s\u00e9jour aux villas Art Blue comprend des activit\u00e9s qui rendront vos vacances encore plus agr\u00e9ables et sp\u00e9ciales. Profitez de la puret\u00e9 et du charme de la nature en vous plongeant dans les paysages sauvages de l\u2019\u00eele et en faisant de longues balades, tout en admirant le panorama incomparable sur la mer Ionienne. La distance [&hellip;]<\/p>\n","protected":false},"author":1,"featured_media":136,"parent":0,"menu_order":0,"comment_status":"closed","ping_status":"closed","template":"","meta":{"ngg_post_thumbnail":0,"footnotes":""},"class_list":["post-229","page","type-page","status-publish","has-post-thumbnail","hentry"],"aioseo_notices":[],"_links":{"self":[{"href":"https:\/\/www.artbluevillas.com\/fr\/wp-json\/wp\/v2\/pages\/229","targetHints":{"allow":["GET"]}}],"collection":[{"href":"https:\/\/www.artbluevillas.com\/fr\/wp-json\/wp\/v2\/pages"}],"about":[{"href":"https:\/\/www.artbluevillas.com\/fr\/wp-json\/wp\/v2\/types\/page"}],"author":[{"embeddable":true,"href":"https:\/\/www.artbluevillas.com\/fr\/wp-json\/wp\/v2\/users\/1"}],"replies":[{"embeddable":true,"href":"https:\/\/www.artbluevillas.com\/fr\/wp-json\/wp\/v2\/comments?post=229"}],"version-history":[{"count":0,"href":"https:\/\/www.artbluevillas.com\/fr\/wp-json\/wp\/v2\/pages\/229\/revisions"}],"wp:featuredmedia":[{"embeddable":true,"href":"https:\/\/www.artbluevillas.com\/fr\/wp-json\/wp\/v2\/media\/136"}],"wp:attachment":[{"href":"https:\/\/www.artbluevillas.com\/fr\/wp-json\/wp\/v2\/media?parent=229"}],"curies":[{"name":"wp","href":"https:\/\/api.w.org\/{rel}","templated":true}]}}