{"id":23,"date":"2017-02-28T18:30:25","date_gmt":"2017-02-28T16:30:25","guid":{"rendered":"http:\/\/www.artbluevillas.com\/?page_id=23"},"modified":"2017-03-29T16:12:24","modified_gmt":"2017-03-29T13:12:24","slug":"contact","status":"publish","type":"page","link":"https:\/\/www.artbluevillas.com\/fr\/contact\/","title":{"rendered":"Contact"},"content":{"rendered":"<p><\/p>\n<h3>Contactez-nous par e-mail ou par t\u00e9l\u00e9phone<\/h3>\n<p>Contactez nous pour tout renseignement ou clarification.<\/p>\n<p>Les champs obligatoires sont marqu\u00e9s avec *<\/p>\n<p><strong>ArtBlue Villas<\/strong><br \/>\nTsoukalades 311 00<br \/>\nLeucade, Gr\u00e8ce<br \/>\nT\u00e9l. \/ Fax: +30 26450 26346<br \/>\nPortable: +30 6973 045950<br \/>\nPersonne \u00e0 contacter: Kostas Aravanis<br \/>\nEmail: <a href=\"mailto:info@artbluevillas.com\">info@artbluevillas.com<\/a><\/p>","protected":false},"excerpt":{"rendered":"<p>Contactez-nous par e-mail ou par t\u00e9l\u00e9phone Contactez nous pour tout renseignement ou clarification. Les champs obligatoires sont marqu\u00e9s avec * ArtBlue Villas Tsoukalades 311 00 Leucade, Gr\u00e8ce T\u00e9l. \/ Fax: +30 26450 26346 Portable: +30 6973 045950 Personne \u00e0 contacter: Kostas Aravanis Email: info@artbluevillas.com<\/p>\n","protected":false},"author":1,"featured_media":129,"parent":0,"menu_order":0,"comment_status":"closed","ping_status":"closed","template":"page-contact.php","meta":{"ngg_post_thumbnail":0,"footnotes":""},"class_list":["post-23","page","type-page","status-publish","has-post-thumbnail","hentry"],"aioseo_notices":[],"_links":{"self":[{"href":"https:\/\/www.artbluevillas.com\/fr\/wp-json\/wp\/v2\/pages\/23","targetHints":{"allow":["GET"]}}],"collection":[{"href":"https:\/\/www.artbluevillas.com\/fr\/wp-json\/wp\/v2\/pages"}],"about":[{"href":"https:\/\/www.artbluevillas.com\/fr\/wp-json\/wp\/v2\/types\/page"}],"author":[{"embeddable":true,"href":"https:\/\/www.artbluevillas.com\/fr\/wp-json\/wp\/v2\/users\/1"}],"replies":[{"embeddable":true,"href":"https:\/\/www.artbluevillas.com\/fr\/wp-json\/wp\/v2\/comments?post=23"}],"version-history":[{"count":0,"href":"https:\/\/www.artbluevillas.com\/fr\/wp-json\/wp\/v2\/pages\/23\/revisions"}],"wp:featuredmedia":[{"embeddable":true,"href":"https:\/\/www.artbluevillas.com\/fr\/wp-json\/wp\/v2\/media\/129"}],"wp:attachment":[{"href":"https:\/\/www.artbluevillas.com\/fr\/wp-json\/wp\/v2\/media?parent=23"}],"curies":[{"name":"wp","href":"https:\/\/api.w.org\/{rel}","templated":true}]}}