{"id":231,"date":"2017-03-06T12:31:53","date_gmt":"2017-03-06T10:31:53","guid":{"rendered":"http:\/\/www.artbluevillas.com\/?page_id=231"},"modified":"2017-03-20T12:33:59","modified_gmt":"2017-03-20T10:33:59","slug":"lefkada-vacation","status":"publish","type":"page","link":"https:\/\/www.artbluevillas.com\/fr\/lefkada-vacation\/","title":{"rendered":"Des vacances \u00e0 Leucade"},"content":{"rendered":"<p><\/p>\n<div id=\"main\">\n<div class=\"post\">\n<h2>Se rendre \u00e0 Leucade en vacances est relativement facile car l\u2019\u00eele est accessible de nombreuses fa\u00e7ons, en fonction de votre provenance.<\/h2>\n<p>Pour ceux qui r\u00e9sident \u00e0 l\u2019\u00e9tranger, des vols charters directs relient le Royaume -Uni et la plupart des villes europ\u00e9ennes \u00e0 l\u2019a\u00e9roport d\u2019Aktio\/Preveza jusqu\u2019au mois d\u2019octobre.<\/p>\n<p>Leucade est \u00e9galement accessible en voiture, en prenant le ferry depuis Venise ou Anc\u00f4ne jusqu\u2019\u00e0 Igoumenitsa et en parcourant en voiture les 120 km restants.<\/p>\n<p>Des vols internes sont assur\u00e9s depuis Corfou et Ath\u00e8nes et un acc\u00e8s par ferry est mis en place depuis Ithaque et C\u00e9phalonie.<\/p>\n<p>L\u2019\u00eele se trouve \u00e0 4 heures de route depuis Ath\u00e8nes ou Thessalonique (sur l\u2019autoroute Egnatia Odos).<\/p>\n<p>N\u2019h\u00e9sitez pas \u00e0 nous contacter pour tout renseignement relatif \u00e0 votre voyage ; nous estimons qu\u2019il est de notre devoir de vous aider \u00e0 mieux organiser votre voyage.<\/p>\n<\/div>\n<\/div>\n<p><\/p>","protected":false},"excerpt":{"rendered":"<p>Se rendre \u00e0 Leucade en vacances est relativement facile car l\u2019\u00eele est accessible de nombreuses fa\u00e7ons, en fonction de votre provenance. Pour ceux qui r\u00e9sident \u00e0 l\u2019\u00e9tranger, des vols charters directs relient le Royaume -Uni et la plupart des villes europ\u00e9ennes \u00e0 l\u2019a\u00e9roport d\u2019Aktio\/Preveza jusqu\u2019au mois d\u2019octobre. Leucade est \u00e9galement accessible en voiture, en prenant [&hellip;]<\/p>\n","protected":false},"author":1,"featured_media":129,"parent":0,"menu_order":0,"comment_status":"closed","ping_status":"closed","template":"","meta":{"ngg_post_thumbnail":0,"footnotes":""},"class_list":["post-231","page","type-page","status-publish","has-post-thumbnail","hentry"],"aioseo_notices":[],"_links":{"self":[{"href":"https:\/\/www.artbluevillas.com\/fr\/wp-json\/wp\/v2\/pages\/231","targetHints":{"allow":["GET"]}}],"collection":[{"href":"https:\/\/www.artbluevillas.com\/fr\/wp-json\/wp\/v2\/pages"}],"about":[{"href":"https:\/\/www.artbluevillas.com\/fr\/wp-json\/wp\/v2\/types\/page"}],"author":[{"embeddable":true,"href":"https:\/\/www.artbluevillas.com\/fr\/wp-json\/wp\/v2\/users\/1"}],"replies":[{"embeddable":true,"href":"https:\/\/www.artbluevillas.com\/fr\/wp-json\/wp\/v2\/comments?post=231"}],"version-history":[{"count":0,"href":"https:\/\/www.artbluevillas.com\/fr\/wp-json\/wp\/v2\/pages\/231\/revisions"}],"wp:featuredmedia":[{"embeddable":true,"href":"https:\/\/www.artbluevillas.com\/fr\/wp-json\/wp\/v2\/media\/129"}],"wp:attachment":[{"href":"https:\/\/www.artbluevillas.com\/fr\/wp-json\/wp\/v2\/media?parent=231"}],"curies":[{"name":"wp","href":"https:\/\/api.w.org\/{rel}","templated":true}]}}