{"id":51,"date":"2017-03-01T16:50:59","date_gmt":"2017-03-01T14:50:59","guid":{"rendered":"http:\/\/www.artbluevillas.com\/?p=51"},"modified":"2017-03-21T15:11:00","modified_gmt":"2017-03-21T13:11:00","slug":"lefkada-beaches","status":"publish","type":"page","link":"https:\/\/www.artbluevillas.com\/fr\/lefkada-beaches\/","title":{"rendered":"Plages de Leucade"},"content":{"rendered":"<p><\/p>\n<h2>Les plages de Leucad<\/h2>\n<p><strong>Les plages de Leucade<\/strong> s\u2019\u00e9tendent d\u00e9licieusement le long de toute la c\u00f4te occidentale de l\u2019\u00eele et se caract\u00e9risent par du sable blanc, des galets et des eaux bleues et cristallines.<\/p>\n<p>\u00c0 environ 4 km des villas se trouve la plage Pefkoulia, o\u00f9 les pins, qui sont pr\u00e9sents m\u00eame sur la plage, offrent un coin ombrag\u00e9 o\u00f9 il fait bon se prot\u00e9ger du soleil.<\/p>\n<p>La plage cosmopolite de Kathisma ne se situe qu\u2019\u00e0 10 minutes en voiture, et constitue l\u2019endroit id\u00e9al pour socialiser et s\u2019amuser.<\/p>\n<p>Les plages isol\u00e9es de Kalamitsi et Milos, \u00e0 proximit\u00e9 d\u2019Agios Nikitas offrent une atmosph\u00e8re plus calme et plus retir\u00e9e, ainsi que la beaut\u00e9 in\u00e9gal\u00e9e d\u2019un paradis exotique.<\/p>\n<p>\u00c0 30 minutes en voiture le long de la c\u00f4te occidentale, deux des plus belles plages de la M\u00e9diterran\u00e9e, Egremni et Porto Katsiki, sont ais\u00e9ment accessibles.<\/p>","protected":false},"excerpt":{"rendered":"<p>Les plages de Leucade s\u2019\u00e9tendent d\u00e9licieusement le long de toute la c\u00f4te occidentale de l\u2019\u00eele.<\/p>\n","protected":false},"author":1,"featured_media":197,"parent":0,"menu_order":0,"comment_status":"closed","ping_status":"closed","template":"","meta":{"ngg_post_thumbnail":0,"footnotes":""},"class_list":["post-51","page","type-page","status-publish","has-post-thumbnail","hentry"],"aioseo_notices":[],"_links":{"self":[{"href":"https:\/\/www.artbluevillas.com\/fr\/wp-json\/wp\/v2\/pages\/51","targetHints":{"allow":["GET"]}}],"collection":[{"href":"https:\/\/www.artbluevillas.com\/fr\/wp-json\/wp\/v2\/pages"}],"about":[{"href":"https:\/\/www.artbluevillas.com\/fr\/wp-json\/wp\/v2\/types\/page"}],"author":[{"embeddable":true,"href":"https:\/\/www.artbluevillas.com\/fr\/wp-json\/wp\/v2\/users\/1"}],"replies":[{"embeddable":true,"href":"https:\/\/www.artbluevillas.com\/fr\/wp-json\/wp\/v2\/comments?post=51"}],"version-history":[{"count":0,"href":"https:\/\/www.artbluevillas.com\/fr\/wp-json\/wp\/v2\/pages\/51\/revisions"}],"wp:featuredmedia":[{"embeddable":true,"href":"https:\/\/www.artbluevillas.com\/fr\/wp-json\/wp\/v2\/media\/197"}],"wp:attachment":[{"href":"https:\/\/www.artbluevillas.com\/fr\/wp-json\/wp\/v2\/media?parent=51"}],"curies":[{"name":"wp","href":"https:\/\/api.w.org\/{rel}","templated":true}]}}